{"id":3,"date":"2024-02-06T07:05:31","date_gmt":"2024-02-06T07:05:31","guid":{"rendered":"https:\/\/factumpruebas2.cloud\/?page_id=3"},"modified":"2026-03-16T22:46:52","modified_gmt":"2026-03-17T04:46:52","slug":"notice-of-privacy","status":"publish","type":"page","link":"https:\/\/oceannomads.com.mx\/en\/notice-of-privacy\/","title":{"rendered":"Privacy Notice"},"content":{"rendered":"<div data-elementor-type=\"wp-page\" data-elementor-id=\"3\" class=\"elementor elementor-3\" data-elementor-post-type=\"page\">\n\t\t\t\t<div class=\"elementor-element elementor-element-5cd8b106 e-flex e-con-boxed e-con e-parent\" data-id=\"5cd8b106\" data-element_type=\"container\" data-e-type=\"container\">\n\t\t\t\t\t<div class=\"e-con-inner\">\n\t\t\t\t<div class=\"elementor-element elementor-element-d26c5c4 elementor-grid-3 elementor-grid-tablet-2 elementor-grid-mobile-1 elementor-posts--thumbnail-top elementor-widget elementor-widget-posts\" data-id=\"d26c5c4\" data-element_type=\"widget\" data-e-type=\"widget\" data-settings=\"{&quot;classic_columns&quot;:&quot;3&quot;,&quot;classic_columns_tablet&quot;:&quot;2&quot;,&quot;classic_columns_mobile&quot;:&quot;1&quot;,&quot;classic_row_gap&quot;:{&quot;unit&quot;:&quot;px&quot;,&quot;size&quot;:35,&quot;sizes&quot;:[]},&quot;classic_row_gap_tablet&quot;:{&quot;unit&quot;:&quot;px&quot;,&quot;size&quot;:&quot;&quot;,&quot;sizes&quot;:[]},&quot;classic_row_gap_mobile&quot;:{&quot;unit&quot;:&quot;px&quot;,&quot;size&quot;:&quot;&quot;,&quot;sizes&quot;:[]}}\" data-widget_type=\"posts.classic\">\n\t\t\t\t<div class=\"elementor-widget-container\">\n\t\t\t\t\t\t\t<div class=\"elementor-posts-container elementor-posts elementor-posts--skin-classic elementor-grid\">\n\t\t\t\t<article class=\"elementor-post elementor-grid-item post-2846 post type-post status-publish format-standard has-post-thumbnail hentry category-uncategorized\">\n\t\t\t\t<div class=\"elementor-post__text\">\n\t\t\t\t<h3 class=\"elementor-post__title\">\n\t\t\t<a href=\"https:\/\/oceannomads.com.mx\/en\/how-much-does-scuba-diving-cost-in-cozumel-2026-guide-2\/\" >\n\t\t\t\tHow much does scuba diving cost in Cozumel? (2026 \/guide)\t\t\t<\/a>\n\t\t<\/h3>\n\t\t\t\t<div class=\"elementor-post__meta-data\">\n\t\t\t\t\t<span class=\"elementor-post-date\">\n\t\t\t27\/03\/2026\t\t<\/span>\n\t\t\t\t<span class=\"elementor-post-avatar\">\n\t\t\tNo Comments\t\t<\/span>\n\t\t\t\t<\/div>\n\t\t\t\t<div class=\"elementor-post__excerpt\">\n\t\t\t<p>How Much Does Scuba Diving Cost in Cozumel? Cozumel is one of the most famous scuba diving destinations in the world. With crystal clear water,<\/p>\n\t\t<\/div>\n\t\t\n\t\t<a class=\"elementor-post__read-more\" href=\"https:\/\/oceannomads.com.mx\/en\/how-much-does-scuba-diving-cost-in-cozumel-2026-guide-2\/\" aria-label=\"Read more about How much does scuba diving cost in Cozumel? (2026 \/guide)\" tabindex=\"-1\" >\n\t\t\tRead More \u00bb\t\t<\/a>\n\n\t\t\t\t<\/div>\n\t\t\t\t<\/article>\n\t\t\t\t<article class=\"elementor-post elementor-grid-item post-2793 post type-post status-publish format-standard has-post-thumbnail hentry category-uncategorized\">\n\t\t\t\t<div class=\"elementor-post__text\">\n\t\t\t\t<h3 class=\"elementor-post__title\">\n\t\t\t<a href=\"https:\/\/oceannomads.com.mx\/en\/how-much-does-scuba-diving-cost-in-cozumel-2026-guide\/\" >\n\t\t\t\tHow much does scuba diving cost in Cozumel? (2026 \/guide)\t\t\t<\/a>\n\t\t<\/h3>\n\t\t\t\t<div class=\"elementor-post__meta-data\">\n\t\t\t\t\t<span class=\"elementor-post-date\">\n\t\t\t15\/03\/2026\t\t<\/span>\n\t\t\t\t<span class=\"elementor-post-avatar\">\n\t\t\tNo Comments\t\t<\/span>\n\t\t\t\t<\/div>\n\t\t\t\t<div class=\"elementor-post__excerpt\">\n\t\t\t<p>How Much Does Scuba Diving Cost in Cozumel? Cozumel is one of the most famous scuba diving destinations in the world. With crystal clear water,<\/p>\n\t\t<\/div>\n\t\t\n\t\t<a class=\"elementor-post__read-more\" href=\"https:\/\/oceannomads.com.mx\/en\/how-much-does-scuba-diving-cost-in-cozumel-2026-guide\/\" aria-label=\"Read more about How much does scuba diving cost in Cozumel? (2026 \/guide)\" tabindex=\"-1\" >\n\t\t\tRead More \u00bb\t\t<\/a>\n\n\t\t\t\t<\/div>\n\t\t\t\t<\/article>\n\t\t\t\t<article class=\"elementor-post elementor-grid-item post-1 post type-post status-publish format-standard has-post-thumbnail hentry category-uncategorized\">\n\t\t\t\t<div class=\"elementor-post__text\">\n\t\t\t\t<h3 class=\"elementor-post__title\">\n\t\t\t<a href=\"https:\/\/oceannomads.com.mx\/en\/hello-world\/\" >\n\t\t\t\tHello world!\t\t\t<\/a>\n\t\t<\/h3>\n\t\t\t\t<div class=\"elementor-post__meta-data\">\n\t\t\t\t\t<span class=\"elementor-post-date\">\n\t\t\t06\/02\/2024\t\t<\/span>\n\t\t\t\t<span class=\"elementor-post-avatar\">\n\t\t\tNo Comments\t\t<\/span>\n\t\t\t\t<\/div>\n\t\t\t\t<div class=\"elementor-post__excerpt\">\n\t\t\t<p>Welcome to WordPress. This is your first post. Edit or delete it, then start writing!<\/p>\n\t\t<\/div>\n\t\t\n\t\t<a class=\"elementor-post__read-more\" href=\"https:\/\/oceannomads.com.mx\/en\/hello-world\/\" aria-label=\"Read more about Hello world!\" tabindex=\"-1\" >\n\t\t\tRead More \u00bb\t\t<\/a>\n\n\t\t\t\t<\/div>\n\t\t\t\t<\/article>\n\t\t\t\t<\/div>\n\t\t\n\t\t\t\t\t\t<\/div>\n\t\t\t\t<\/div>\n\t\t\t\t<div class=\"elementor-element elementor-element-389f7815 elementor-widget elementor-widget-text-editor\" data-id=\"389f7815\" data-element_type=\"widget\" data-e-type=\"widget\" data-widget_type=\"text-editor.default\">\n\t\t\t\t<div class=\"elementor-widget-container\">\n\t\t\t\t\t\t\t\t\t<p>\u00a0<\/p><hr \/><h2><strong>Aviso de Privacidad de Ocean Nomads<\/strong><\/h2><p><strong>Ocean Nomads<\/strong>, empresa dedicada a experiencias de buceo, cursos PADI y actividades de aventura en el Parque Marino Arrecifes de Cozumel, valora tu privacidad y la protecci\u00f3n de tus datos personales. Por eso, hemos creado este Aviso de Privacidad para explicarte c\u00f3mo recopilamos, usamos, compartimos y protegemos tu informaci\u00f3n cuando visitas y usas el sitio **<a href=\"http:\/\/www.oceannomads.com.mx%2A%2A.:contentreference[oaicite:1%5D%7Bindex=1%7D\/\">www.oceannomads.com.mx**<\/a><\/p><hr \/><h3><strong>1. Acerca de <a href=\"https:\/\/oceannomads.com.mx\/en\/\">www.oceannomads.com.mx<\/a><\/strong><\/h3><p><em>Ocean Nomads<\/em> es una empresa legalmente constituida, con presencia en Cozumel, Quintana Roo, M\u00e9xico, especializada en actividades acu\u00e1ticas y cursos de buceo para visitantes y turistas. Tu privacidad es una prioridad para nosotros.(<a title=\"Ocean nomads \u2013 Buceo en Cozumel\" href=\"https:\/\/oceannomads.com.mx\/en\/?utm_source=chatgpt.com\">Ocean Nomads<\/a>)<\/p><p>Los datos que recopilemos a trav\u00e9s de este sitio web se usan para ofrecerte experiencias, servicios y comunicaciones relevantes, adem\u00e1s de mejorar continuamente nuestra oferta de actividades y cursos personalizados.(<a title=\"Privacy policy | The Ocean Nomads\" href=\"https:\/\/www.theoceanomads.com\/privacy-policy?utm_source=chatgpt.com\">The Ocean Nomads<\/a>)<\/p><hr \/><h3><strong>2. \u00bfQu\u00e9 informaci\u00f3n recopilamos cuando visitas nuestro sitio?<\/strong><\/h3><p>Cuando visitas <strong><a href=\"https:\/\/oceannomads.com.mx\/en\/\">www.oceannomads.com.mx<\/a><\/strong>, podemos recopilar:<\/p><ul><li><p>Datos de navegaci\u00f3n como tu direcci\u00f3n IP, tipo de navegador y p\u00e1ginas visitadas.<\/p><\/li><li><p>Informaci\u00f3n que t\u00fa proporcionas al llenar formularios o hacer reservas (nombre, correo electr\u00f3nico, tel\u00e9fono, preferencias de experiencia, etc.).<\/p><\/li><li><p>Otra informaci\u00f3n que t\u00fa voluntariamente compartas con nosotros para mejorar tu experiencia.(<a title=\"Privacy policy | The Ocean Nomads\" href=\"https:\/\/www.theoceanomads.com\/privacy-policy?utm_source=chatgpt.com\">The Ocean Nomads<\/a>)<\/p><\/li><\/ul><p>Esta informaci\u00f3n puede ser an\u00f3nima o personal dependiendo de c\u00f3mo interact\u00faes con el sitio.<\/p><hr \/><h3><strong>3. Cookies y tecnolog\u00edas similares<\/strong><\/h3><p>Utilizamos <strong>cookies<\/strong> y herramientas similares para mejorar tu experiencia en el sitio, conocer mejor c\u00f3mo interact\u00faas con nuestras p\u00e1ginas y hacer que tu navegaci\u00f3n sea m\u00e1s eficiente.<br \/>Una cookie es un peque\u00f1o archivo que se almacena en tu dispositivo con tu consentimiento para:<\/p><ul><li><p>Recordar tus visitas frecuentes.<\/p><\/li><li><p>Brindarte contenido y ofertas personalizadas.<\/p><\/li><li><p>Mejorar la funcionalidad del sitio.(<a title=\"Privacy policy | The Ocean Nomads\" href=\"https:\/\/www.theoceanomads.com\/privacy-policy?utm_source=chatgpt.com\">The Ocean Nomads<\/a>)<\/p><\/li><\/ul><p>Puedes configurar tu navegador para aceptar o rechazar cookies, pero algunas funciones del sitio pueden verse afectadas si las desactivas.<\/p><hr \/><h3><strong>4. \u00bfQu\u00e9 pasa si te registras o haces una reserva?<\/strong><\/h3><p>Cuando decides reservar una experiencia con nosotros:<\/p><ul><li><p>Recolectamos la informaci\u00f3n que nos proporcionas en el formulario de reserva.<\/p><\/li><li><p>Esa informaci\u00f3n se utiliza \u00fanicamente para procesar tu compra y coordinar tu experiencia con <em>Ocean Nomads<\/em>.<\/p><\/li><li><p>Tu pago y datos financieros son tratados con absoluta confidencialidad y protegidos bajo protocolos de seguridad actualizados.(<a title=\"Privacy policy | The Ocean Nomads\" href=\"https:\/\/www.theoceanomads.com\/privacy-policy?utm_source=chatgpt.com\">The Ocean Nomads<\/a>)<\/p><\/li><\/ul><p>Adem\u00e1s, si creas una cuenta, podr\u00e1s <strong>acceder a tu historial de reservas y datos proporcionados con tu propia contrase\u00f1a<\/strong>.<\/p><hr \/><h3><strong>5. \u00bfQui\u00e9n tiene acceso a tu informaci\u00f3n?<\/strong><\/h3><p>Tu informaci\u00f3n es confidencial y no se comparte con terceros para fines de publicidad o venta sin tu consentimiento expl\u00edcito.<br \/>La compartimos \u00fanicamente con:<\/p><ul><li><p>Proveedores encargados de procesar pagos y reservas.<\/p><\/li><li><p>Autoridades cuando as\u00ed lo requiera la ley.<\/p><\/li><\/ul><p>Esto garantiza que tus datos personales est\u00e9n protegidos contra uso no autorizado o fraude.(<a title=\"Privacy policy | The Ocean Nomads\" href=\"https:\/\/www.theoceanomads.com\/privacy-policy?utm_source=chatgpt.com\">The Ocean Nomads<\/a>)<\/p><hr \/><h3><strong>6. Condiciones de uso, t\u00e9rminos y notificaciones<\/strong><\/h3><p>Las condiciones de uso y t\u00e9rminos que aplican en <strong><a href=\"https:\/\/oceannomads.com.mx\/en\/\">www.oceannomads.com.mx<\/a><\/strong> est\u00e1n respaldados por normas y regulaciones nacionales e internacionales vigentes. Cualquier notificaci\u00f3n relacionada con el uso del sitio o tus datos ser\u00e1 enviada conforme a estas regulaciones para proteger tanto tus derechos como los de la empresa.(<a title=\"Privacy policy | The Ocean Nomads\" href=\"https:\/\/www.theoceanomads.com\/privacy-policy?utm_source=chatgpt.com\">The Ocean Nomads<\/a>)<\/p><hr \/><h3><strong>7. Derechos de los usuarios<\/strong><\/h3><p>Tienes el derecho de:<\/p><ul><li><p>Acceder, corregir o eliminar tus datos personales.<\/p><\/li><li><p>Limitar o retirarte del tratamiento de tus datos.<\/p><\/li><li><p>Presentar quejas ante la autoridad correspondiente si consideras que tus datos no est\u00e1n siendo tratados conforme a este Aviso de Privacidad.(<a title=\"Privacy policy | The Ocean Nomads\" href=\"https:\/\/www.theoceanomads.com\/privacy-policy?utm_source=chatgpt.com\">The Ocean Nomads<\/a>)<\/p><\/li><\/ul><p>Para cualquier duda o ejercicio de tus derechos, puedes contactarnos mediante el correo que aparece en nuestro sitio.<\/p><hr \/><p>\u00a0<\/p>\t\t\t\t\t\t\t\t<\/div>\n\t\t\t\t<\/div>\n\t\t\t\t<div class=\"elementor-element elementor-element-75307cb elementor-grid-3 elementor-grid-tablet-2 elementor-grid-mobile-1 elementor-posts--thumbnail-top elementor-widget elementor-widget-posts\" data-id=\"75307cb\" data-element_type=\"widget\" data-e-type=\"widget\" data-settings=\"{&quot;classic_columns&quot;:&quot;3&quot;,&quot;classic_columns_tablet&quot;:&quot;2&quot;,&quot;classic_columns_mobile&quot;:&quot;1&quot;,&quot;classic_row_gap&quot;:{&quot;unit&quot;:&quot;px&quot;,&quot;size&quot;:35,&quot;sizes&quot;:[]},&quot;classic_row_gap_tablet&quot;:{&quot;unit&quot;:&quot;px&quot;,&quot;size&quot;:&quot;&quot;,&quot;sizes&quot;:[]},&quot;classic_row_gap_mobile&quot;:{&quot;unit&quot;:&quot;px&quot;,&quot;size&quot;:&quot;&quot;,&quot;sizes&quot;:[]}}\" data-widget_type=\"posts.classic\">\n\t\t\t\t<div class=\"elementor-widget-container\">\n\t\t\t\t\t\t\t<div class=\"elementor-posts-container elementor-posts elementor-posts--skin-classic elementor-grid\">\n\t\t\t\t<article class=\"elementor-post elementor-grid-item post-2846 post type-post status-publish format-standard has-post-thumbnail hentry category-uncategorized\">\n\t\t\t\t<div class=\"elementor-post__text\">\n\t\t\t\t<h3 class=\"elementor-post__title\">\n\t\t\t<a href=\"https:\/\/oceannomads.com.mx\/en\/how-much-does-scuba-diving-cost-in-cozumel-2026-guide-2\/\" >\n\t\t\t\tHow much does scuba diving cost in Cozumel? (2026 \/guide)\t\t\t<\/a>\n\t\t<\/h3>\n\t\t\t\t<div class=\"elementor-post__meta-data\">\n\t\t\t\t\t<span class=\"elementor-post-date\">\n\t\t\t27\/03\/2026\t\t<\/span>\n\t\t\t\t<span class=\"elementor-post-avatar\">\n\t\t\tNo Comments\t\t<\/span>\n\t\t\t\t<\/div>\n\t\t\t\t<div class=\"elementor-post__excerpt\">\n\t\t\t<p>How Much Does Scuba Diving Cost in Cozumel? Cozumel is one of the most famous scuba diving destinations in the world. With crystal clear water,<\/p>\n\t\t<\/div>\n\t\t\n\t\t<a class=\"elementor-post__read-more\" href=\"https:\/\/oceannomads.com.mx\/en\/how-much-does-scuba-diving-cost-in-cozumel-2026-guide-2\/\" aria-label=\"Read more about How much does scuba diving cost in Cozumel? (2026 \/guide)\" tabindex=\"-1\" >\n\t\t\tRead More \u00bb\t\t<\/a>\n\n\t\t\t\t<\/div>\n\t\t\t\t<\/article>\n\t\t\t\t<article class=\"elementor-post elementor-grid-item post-2793 post type-post status-publish format-standard has-post-thumbnail hentry category-uncategorized\">\n\t\t\t\t<div class=\"elementor-post__text\">\n\t\t\t\t<h3 class=\"elementor-post__title\">\n\t\t\t<a href=\"https:\/\/oceannomads.com.mx\/en\/how-much-does-scuba-diving-cost-in-cozumel-2026-guide\/\" >\n\t\t\t\tHow much does scuba diving cost in Cozumel? (2026 \/guide)\t\t\t<\/a>\n\t\t<\/h3>\n\t\t\t\t<div class=\"elementor-post__meta-data\">\n\t\t\t\t\t<span class=\"elementor-post-date\">\n\t\t\t15\/03\/2026\t\t<\/span>\n\t\t\t\t<span class=\"elementor-post-avatar\">\n\t\t\tNo Comments\t\t<\/span>\n\t\t\t\t<\/div>\n\t\t\t\t<div class=\"elementor-post__excerpt\">\n\t\t\t<p>How Much Does Scuba Diving Cost in Cozumel? Cozumel is one of the most famous scuba diving destinations in the world. With crystal clear water,<\/p>\n\t\t<\/div>\n\t\t\n\t\t<a class=\"elementor-post__read-more\" href=\"https:\/\/oceannomads.com.mx\/en\/how-much-does-scuba-diving-cost-in-cozumel-2026-guide\/\" aria-label=\"Read more about How much does scuba diving cost in Cozumel? (2026 \/guide)\" tabindex=\"-1\" >\n\t\t\tRead More \u00bb\t\t<\/a>\n\n\t\t\t\t<\/div>\n\t\t\t\t<\/article>\n\t\t\t\t<article class=\"elementor-post elementor-grid-item post-1 post type-post status-publish format-standard has-post-thumbnail hentry category-uncategorized\">\n\t\t\t\t<div class=\"elementor-post__text\">\n\t\t\t\t<h3 class=\"elementor-post__title\">\n\t\t\t<a href=\"https:\/\/oceannomads.com.mx\/en\/hello-world\/\" >\n\t\t\t\tHello world!\t\t\t<\/a>\n\t\t<\/h3>\n\t\t\t\t<div class=\"elementor-post__meta-data\">\n\t\t\t\t\t<span class=\"elementor-post-date\">\n\t\t\t06\/02\/2024\t\t<\/span>\n\t\t\t\t<span class=\"elementor-post-avatar\">\n\t\t\tNo Comments\t\t<\/span>\n\t\t\t\t<\/div>\n\t\t\t\t<div class=\"elementor-post__excerpt\">\n\t\t\t<p>Welcome to WordPress. This is your first post. Edit or delete it, then start writing!<\/p>\n\t\t<\/div>\n\t\t\n\t\t<a class=\"elementor-post__read-more\" href=\"https:\/\/oceannomads.com.mx\/en\/hello-world\/\" aria-label=\"Read more about Hello world!\" tabindex=\"-1\" >\n\t\t\tRead More \u00bb\t\t<\/a>\n\n\t\t\t\t<\/div>\n\t\t\t\t<\/article>\n\t\t\t\t<\/div>\n\t\t\n\t\t\t\t\t\t<\/div>\n\t\t\t\t<\/div>\n\t\t\t\t\t<\/div>\n\t\t\t\t<\/div>\n\t\t<div class=\"elementor-element elementor-element-7da91d9 e-flex e-con-boxed e-con e-parent\" data-id=\"7da91d9\" data-element_type=\"container\" data-e-type=\"container\">\n\t\t\t\t\t<div class=\"e-con-inner\">\n\t\t\t\t\t<\/div>\n\t\t\t\t<\/div>\n\t\t\t\t<\/div>","protected":false},"excerpt":{"rendered":"<p>\u00a0 Aviso de Privacidad de Ocean Nomads Ocean Nomads, empresa dedicada a experiencias de buceo, cursos PADI y actividades de aventura en el Parque Marino Arrecifes de Cozumel, valora tu privacidad y la protecci\u00f3n de tus datos personales. Por eso, hemos creado este Aviso de Privacidad para explicarte c\u00f3mo recopilamos, usamos, compartimos y protegemos tu [&hellip;]<\/p>","protected":false},"author":1,"featured_media":0,"parent":0,"menu_order":0,"comment_status":"closed","ping_status":"closed","template":"","meta":{"_joinchat":[],"footnotes":""},"class_list":["post-3","page","type-page","status-publish","has-post-thumbnail","hentry"],"_links":{"self":[{"href":"https:\/\/oceannomads.com.mx\/en\/wp-json\/wp\/v2\/pages\/3","targetHints":{"allow":["GET"]}}],"collection":[{"href":"https:\/\/oceannomads.com.mx\/en\/wp-json\/wp\/v2\/pages"}],"about":[{"href":"https:\/\/oceannomads.com.mx\/en\/wp-json\/wp\/v2\/types\/page"}],"author":[{"embeddable":true,"href":"https:\/\/oceannomads.com.mx\/en\/wp-json\/wp\/v2\/users\/1"}],"replies":[{"embeddable":true,"href":"https:\/\/oceannomads.com.mx\/en\/wp-json\/wp\/v2\/comments?post=3"}],"version-history":[{"count":14,"href":"https:\/\/oceannomads.com.mx\/en\/wp-json\/wp\/v2\/pages\/3\/revisions"}],"predecessor-version":[{"id":2835,"href":"https:\/\/oceannomads.com.mx\/en\/wp-json\/wp\/v2\/pages\/3\/revisions\/2835"}],"wp:attachment":[{"href":"https:\/\/oceannomads.com.mx\/en\/wp-json\/wp\/v2\/media?parent=3"}],"curies":[{"name":"wp","href":"https:\/\/api.w.org\/{rel}","templated":true}]}}