{"id":66,"date":"2024-02-20T01:30:04","date_gmt":"2024-02-20T07:30:04","guid":{"rendered":"https:\/\/factumpruebas2.cloud\/?page_id=66"},"modified":"2026-03-27T20:17:33","modified_gmt":"2026-03-28T02:17:33","slug":"terminos_y_condiciones_de_reservas","status":"publish","type":"page","link":"https:\/\/oceannomads.com.mx\/en\/experiencias\/terminos_y_condiciones_de_reservas\/","title":{"rendered":"T\u00e9rminos y Condiciones\u00a0de\u00a0Reservas"},"content":{"rendered":"<div data-elementor-type=\"wp-page\" data-elementor-id=\"66\" class=\"elementor elementor-66\" data-elementor-post-type=\"page\">\n\t\t\t\t<div class=\"elementor-element elementor-element-515d302c e-flex e-con-boxed e-con e-parent\" data-id=\"515d302c\" data-element_type=\"container\" data-e-type=\"container\">\n\t\t\t\t\t<div class=\"e-con-inner\">\n\t\t\t\t<div class=\"elementor-element elementor-element-dd612dd elementor-widget elementor-widget-heading\" data-id=\"dd612dd\" data-element_type=\"widget\" data-e-type=\"widget\" data-widget_type=\"heading.default\">\n\t\t\t\t<div class=\"elementor-widget-container\">\n\t\t\t\t\t<h2 class=\"elementor-heading-title elementor-size-default\">Booking terms and conditions<\/h2>\t\t\t\t<\/div>\n\t\t\t\t<\/div>\n\t\t\t\t<div class=\"elementor-element elementor-element-2255fbfd elementor-widget elementor-widget-text-editor\" data-id=\"2255fbfd\" data-element_type=\"widget\" data-e-type=\"widget\" data-widget_type=\"text-editor.default\">\n\t\t\t\t<div class=\"elementor-widget-container\">\n\t\t\t\t\t\t\t\t\t<p>\u00a0<\/p><ul><li>Se considera menor toda persona que tenga de 4 a 10 a\u00f1os.<\/li><li>La hora exacta del Pick Up ser\u00e1 enviada al momento de reservar.<\/li><li>Verifica si tenemos Pick Up en tu hotel.<\/li><li>Pago con tarjeta de d\u00e9bito o cr\u00e9dito tiene un cargo entre un 4% y un 8%.<\/li><li>Precios sujeto a cambio sin previo aviso.<\/li><li>No nos hacemos responsables por condiciones clim\u00e1ticas una vez iniciado el tour.<\/li><\/ul>\t\t\t\t\t\t\t\t<\/div>\n\t\t\t\t<\/div>\n\t\t\t\t\t<\/div>\n\t\t\t\t<\/div>\n\t\t<div class=\"elementor-element elementor-element-6785c1d e-flex e-con-boxed e-con e-parent\" data-id=\"6785c1d\" data-element_type=\"container\" data-e-type=\"container\">\n\t\t\t\t\t<div class=\"e-con-inner\">\n\t\t\t\t<div class=\"elementor-element elementor-element-d3eb169 elementor-widget elementor-widget-text-editor\" data-id=\"d3eb169\" data-element_type=\"widget\" data-e-type=\"widget\" data-widget_type=\"text-editor.default\">\n\t\t\t\t<div class=\"elementor-widget-container\">\n\t\t\t\t\t\t\t\t\t<p><strong>Documentaci\u00f3n necesaria <\/strong><br \/>Para buzos certificados requerimos credencial de buceo que acredite tu certificaci\u00f3n y p\u00f3liza de seguro de buceo adem\u00e1s de firmar documentos de descargo de responsabilidad que te proporcionaremos a la hora de la reserva.<\/p><p>Para la actividad de descubre el buceo solicitamos responder cuestionario m\u00e9dico para ver si eres apto\/a para realizar el buceo.<\/p><p>Para todos los dem\u00e1s cursos se firman descargo de responsabilidades directamente el la p\u00e1gina de PADI con eLearning.<\/p><p><strong>\u00a0<\/strong><\/p><p><strong>\u00a0<\/strong><strong>Acerca del Pick up:<\/strong><\/p><ul><li>Verifica si tenemos pick up en tu hotel.<\/li><li>La hora exacta del Pick Up ser\u00e1 enviada al momento de enviar la confirmaci\u00f3n.<\/li><li>EL cliente deber\u00e1 presentarse en el lugar acordado 10 minutos antes de la hora pautada para su pick up.<\/li><li>Se mantendr\u00e1 la comunicaci\u00f3n con el cliente en horas de la ma\u00f1ana para el seguimiento de su pick up.<\/li><\/ul><p><strong>Acerca de la Documentaci\u00f3n necesaria:<\/strong><\/p><p>\u00a0<\/p><ul><li>Para los extranjeros no es necesario tener el pasaporte consigo, con una foto en el celular del pasaporte o de una identificaci\u00f3n con fotograf\u00eda reciente es suficiente (mant\u00e9n en resguardo en tu hotel tu pasaporte).<\/li><\/ul><p><strong>Acerca de los precios:<\/strong><\/p><ul><li>Precios sujetos a cambio sin previo aviso.<\/li><\/ul><p><strong>\u00a0<\/strong><\/p><p><strong>POL\u00cdTICAS DE CANCELACI\u00d3N<\/strong><\/p><p>Pol\u00edticas de cancelaci\u00f3n por parte del cliente: <br \/>Con 30 d\u00edas de anticipaci\u00f3n devoluci\u00f3n al 100% <br \/>Con 15 d\u00edas de anticipaci\u00f3n devoluci\u00f3n del 50%. <br \/>Con 48 horas de anticipaci\u00f3n no habr\u00e1 devoluci\u00f3n. Si el cliente no se presenta o llega tarde no habr\u00e1 devoluci\u00f3n. En caso de que el cliente no se sienta c\u00f3modo durante las pr\u00e1cticas por problemas relacionados a mareos, problemas de compensaci\u00f3n de los espacios a\u00e9reos, o cualquier problema de car\u00e1cter fisiol\u00f3gico, no habr\u00e1 devoluci\u00f3n. En caso de no poder completar la certificaci\u00f3n de aguas abiertas (\u00fanicamente por cuestiones m\u00e9dicas) se cobrar\u00e1 el costo en proporci\u00f3n de los d\u00edas de buceo realizados.<\/p><p>Pol\u00edticas de cancelaci\u00f3n por parte de Ocean Nomads Cozumel<\/p><p>En caso de cancelaciones por situaciones clim\u00e1ticas ajenas a nosotros (cierre de puerto o viento fuerte) se programar\u00e1 el curso para otra fecha y horario (no se cancela por lluvia).<\/p><p>Si el cliente no lo desea se le devolver\u00e1 el 100% del dep\u00f3sito a menos que ya se haya dado de alta en los cursos en l\u00ednea PADI eLearning en ese caso no habr\u00e1 devoluci\u00f3n.<\/p><p>Tenemos el derecho a cancelar cualquier servicio en cualquier momento por razones de seguridad. En caso de ser el cliente la causa de esta cancelaci\u00f3n no habr\u00e1 devoluci\u00f3n. Gracias por preferir bucear con Ocean Nomads Cozumel.<\/p>\t\t\t\t\t\t\t\t<\/div>\n\t\t\t\t<\/div>\n\t\t\t\t\t<\/div>\n\t\t\t\t<\/div>\n\t\t\t\t<\/div>","protected":false},"excerpt":{"rendered":"<p>T\u00e9rminos y Condiciones de Reservas \u00a0 Se considera menor toda persona que tenga de 4 a 10 a\u00f1os. La hora exacta del Pick Up ser\u00e1 enviada al momento de reservar. Verifica si tenemos Pick Up en tu hotel. Pago con tarjeta de d\u00e9bito o cr\u00e9dito tiene un cargo entre un 4% y un 8%. Precios [&hellip;]<\/p>","protected":false},"author":1,"featured_media":0,"parent":2770,"menu_order":0,"comment_status":"closed","ping_status":"closed","template":"elementor_theme","meta":{"_joinchat":[],"footnotes":""},"class_list":["post-66","page","type-page","status-publish","has-post-thumbnail","hentry"],"_links":{"self":[{"href":"https:\/\/oceannomads.com.mx\/en\/wp-json\/wp\/v2\/pages\/66","targetHints":{"allow":["GET"]}}],"collection":[{"href":"https:\/\/oceannomads.com.mx\/en\/wp-json\/wp\/v2\/pages"}],"about":[{"href":"https:\/\/oceannomads.com.mx\/en\/wp-json\/wp\/v2\/types\/page"}],"author":[{"embeddable":true,"href":"https:\/\/oceannomads.com.mx\/en\/wp-json\/wp\/v2\/users\/1"}],"replies":[{"embeddable":true,"href":"https:\/\/oceannomads.com.mx\/en\/wp-json\/wp\/v2\/comments?post=66"}],"version-history":[{"count":23,"href":"https:\/\/oceannomads.com.mx\/en\/wp-json\/wp\/v2\/pages\/66\/revisions"}],"predecessor-version":[{"id":2701,"href":"https:\/\/oceannomads.com.mx\/en\/wp-json\/wp\/v2\/pages\/66\/revisions\/2701"}],"up":[{"embeddable":true,"href":"https:\/\/oceannomads.com.mx\/en\/wp-json\/wp\/v2\/pages\/2770"}],"wp:attachment":[{"href":"https:\/\/oceannomads.com.mx\/en\/wp-json\/wp\/v2\/media?parent=66"}],"curies":[{"name":"wp","href":"https:\/\/api.w.org\/{rel}","templated":true}]}}